{"id":97,"date":"2010-04-20T04:35:59","date_gmt":"2010-04-20T04:35:59","guid":{"rendered":"http:\/\/nemmadventist.org\/?page_id=97"},"modified":"2015-09-14T14:53:27","modified_gmt":"2015-09-14T06:53:27","slug":"n-o","status":"publish","type":"page","link":"https:\/\/www.nemmadventist.org\/?page_id=97","title":{"rendered":"N-O"},"content":{"rendered":"<p class=\"p1\"><span class=\"s1\">Nabago<\/span><\/p>\n<p class=\"p1\"><span class=\"s1\">Nasipit<\/span><\/p>\n<p class=\"p1\"><span class=\"s1\">NEMA Academy<\/span><\/p>\n<p class=\"p1\"><span class=\"s1\">NeMA Comm.<\/span><\/p>\n<p class=\"p1\"><span class=\"s1\">New Beria<\/span><\/p>\n<p class=\"p1\"><span class=\"s1\">New Bethleham<\/span><\/p>\n<p class=\"p1\"><span class=\"s1\">New Bethlehem<\/span><\/p>\n<p class=\"p1\"><span class=\"s1\">New Bethlehem\/Km. 8<\/span><\/p>\n<p class=\"p1\"><span class=\"s1\">New Canaan<\/span><\/p>\n<p class=\"p1\"><span class=\"s1\">New Eden<\/span><\/p>\n<p class=\"p1\"><span class=\"s1\">New Galilee<\/span><\/p>\n<p class=\"p1\"><span class=\"s1\">New Gingoog<\/span><\/p>\n<p class=\"p1\"><span class=\"s1\">New Jerusalem<\/span><\/p>\n<p class=\"p1\"><span class=\"s1\">New Jerusalem\/Fili<\/span><\/p>\n<p class=\"p1\"><span class=\"s1\">New Maasin<\/span><\/p>\n<p class=\"p1\"><span class=\"s1\">New Nebo<\/span><\/p>\n<p class=\"p1\"><span class=\"s1\">New Salem<\/span><\/p>\n<p class=\"p1\"><span class=\"s1\">New Tubigon<\/span><\/p>\n<p class=\"p1\"><span class=\"s1\">New Valencia<\/span><\/p>\n<p class=\"p1\"><span class=\"s1\">New Visayas<\/span><\/p>\n<p class=\"p1\"><span class=\"s1\">Nursery<\/span><\/p>\n<p class=\"p1\"><span class=\"s1\">Obon<\/span><\/p>\n<p class=\"p1\"><span class=\"s1\">Ophel (Blocking)<\/span><\/p>\n<p class=\"p1\"><span class=\"s1\">Orion<\/span><\/p>\n<p class=\"p1\"><span class=\"s1\">Oromica<\/span><\/p>\n<p class=\"p1\"><span class=\"s1\">Osme\u00f1a<\/span><\/p>\n<p class=\"p1\"><span class=\"s1\">Osme\u00f1a<\/span><\/p>\n<p class=\"p1\"><span class=\"s1\">Osme\u00f1a<\/span><\/p>\n<p class=\"p2\">\n","protected":false},"excerpt":{"rendered":"<p>Nabago Nasipit NEMA Academy NeMA Comm. New Beria New Bethleham New Bethlehem New Bethlehem\/Km. 8 New Canaan New Eden New Galilee New Gingoog New Jerusalem New Jerusalem\/Fili New Maasin New Nebo New Salem New Tubigon New Valencia New Visayas Nursery Obon Ophel (Blocking) Orion Oromica Osme\u00f1a Osme\u00f1a Osme\u00f1a<\/p>\n","protected":false},"author":1,"featured_media":0,"parent":77,"menu_order":8,"comment_status":"closed","ping_status":"open","template":"","meta":{"inline_featured_image":false,"_genesis_hide_title":false,"_genesis_hide_breadcrumbs":false,"_genesis_hide_singular_image":false,"_genesis_hide_footer_widgets":false,"_genesis_custom_body_class":"","_genesis_custom_post_class":"","_genesis_layout":"","footnotes":""},"class_list":{"0":"post-97","1":"page","2":"type-page","3":"status-publish","5":"entry"},"featured_image_src":null,"featured_image_src_square":null,"_links":{"self":[{"href":"https:\/\/www.nemmadventist.org\/index.php?rest_route=\/wp\/v2\/pages\/97","targetHints":{"allow":["GET"]}}],"collection":[{"href":"https:\/\/www.nemmadventist.org\/index.php?rest_route=\/wp\/v2\/pages"}],"about":[{"href":"https:\/\/www.nemmadventist.org\/index.php?rest_route=\/wp\/v2\/types\/page"}],"author":[{"embeddable":true,"href":"https:\/\/www.nemmadventist.org\/index.php?rest_route=\/wp\/v2\/users\/1"}],"replies":[{"embeddable":true,"href":"https:\/\/www.nemmadventist.org\/index.php?rest_route=%2Fwp%2Fv2%2Fcomments&post=97"}],"version-history":[{"count":4,"href":"https:\/\/www.nemmadventist.org\/index.php?rest_route=\/wp\/v2\/pages\/97\/revisions"}],"predecessor-version":[{"id":1409,"href":"https:\/\/www.nemmadventist.org\/index.php?rest_route=\/wp\/v2\/pages\/97\/revisions\/1409"}],"up":[{"embeddable":true,"href":"https:\/\/www.nemmadventist.org\/index.php?rest_route=\/wp\/v2\/pages\/77"}],"wp:attachment":[{"href":"https:\/\/www.nemmadventist.org\/index.php?rest_route=%2Fwp%2Fv2%2Fmedia&parent=97"}],"curies":[{"name":"wp","href":"https:\/\/api.w.org\/{rel}","templated":true}]}}